{"id":11,"date":"2025-09-20T19:34:36","date_gmt":"2025-09-20T19:34:36","guid":{"rendered":"https:\/\/dorure-sur-cuir.com\/?page_id=11"},"modified":"2026-02-03T17:11:31","modified_gmt":"2026-02-03T17:11:31","slug":"dorure-sur-cuir","status":"publish","type":"page","link":"https:\/\/dorure-sur-cuir.com\/","title":{"rendered":"Dorure sur Cuir"},"content":{"rendered":"[et_pb_section fb_built=\u00a0\u00bb1&Prime; fullwidth=\u00a0\u00bbon\u00a0\u00bb _builder_version=\u00a0\u00bb4.27.4&Prime; _module_preset=\u00a0\u00bbdefault\u00a0\u00bb global_colors_info=\u00a0\u00bb{}\u00a0\u00bb][et_pb_fullwidth_header title=\u00a0\u00bbModeles de Dorure\u00a0\u00bb _builder_version=\u00a0\u00bb4.27.4&Prime; _module_preset=\u00a0\u00bbdefault\u00a0\u00bb title_font=\u00a0\u00bbExplora||||||||\u00a0\u00bb title_font_size=\u00a0\u00bb120px\u00a0\u00bb title_letter_spacing=\u00a0\u00bb1px\u00a0\u00bb content_font=\u00a0\u00bb|300|||||||\u00a0\u00bb content_text_align=\u00a0\u00bbleft\u00a0\u00bb content_font_size=\u00a0\u00bb20px\u00a0\u00bb content_letter_spacing=\u00a0\u00bb1px\u00a0\u00bb background_enable_color=\u00a0\u00bboff\u00a0\u00bb use_background_color_gradient=\u00a0\u00bbon\u00a0\u00bb background_color_gradient_type=\u00a0\u00bbelliptical\u00a0\u00bb background_color_gradient_stops=\u00a0\u00bbrgba(191,28,0,0.25) 0%|#030311 99%\u00a0\u00bb background_color_gradient_overlays_image=\u00a0\u00bbon\u00a0\u00bb background_image=\u00a0\u00bbhttps:\/\/dorure-sur-cuir.com\/wp-content\/uploads\/2025\/10\/la_gainerie_d_art_dorure.jpg\u00a0\u00bb height=\u00a0\u00bb450px\u00a0\u00bb height_tablet=\u00a0\u00bb450px\u00a0\u00bb height_phone=\u00a0\u00bb\u00a0\u00bb height_last_edited=\u00a0\u00bbon|phone\u00a0\u00bb hover_enabled=\u00a0\u00bb0&Prime; title_font_size_tablet=\u00a0\u00bb120px\u00a0\u00bb title_font_size_phone=\u00a0\u00bb80px\u00a0\u00bb title_font_size_last_edited=\u00a0\u00bbon|phone\u00a0\u00bb global_colors_info=\u00a0\u00bb{}\u00a0\u00bb sticky_enabled=\u00a0\u00bb0&Prime;]<p>Un Patrimoine Authentique des Gainiers<\/p>[\/et_pb_fullwidth_header][\/et_pb_section][et_pb_section fb_built=\u00a0\u00bb1&Prime; custom_padding_last_edited=\u00a0\u00bbon|phone\u00a0\u00bb admin_label=\u00a0\u00bbsection\u00a0\u00bb _builder_version=\u00a0\u00bb4.27.4&Prime; custom_padding=\u00a0\u00bb||||false|false\u00a0\u00bb custom_padding_tablet=\u00a0\u00bb||||false|false\u00a0\u00bb custom_padding_phone=\u00a0\u00bb0px||0px||true|false\u00a0\u00bb global_colors_info=\u00a0\u00bb{}\u00a0\u00bb][et_pb_row admin_label=\u00a0\u00bbrow\u00a0\u00bb _builder_version=\u00a0\u00bb4.27.4&Prime; background_size=\u00a0\u00bbinitial\u00a0\u00bb background_position=\u00a0\u00bbtop_left\u00a0\u00bb background_repeat=\u00a0\u00bbrepeat\u00a0\u00bb width_tablet=\u00a0\u00bb100%\u00a0\u00bb width_phone=\u00a0\u00bb100%\u00a0\u00bb width_last_edited=\u00a0\u00bbon|tablet\u00a0\u00bb module_alignment=\u00a0\u00bbcenter\u00a0\u00bb custom_margin=\u00a0\u00bb|auto||auto|false|false\u00a0\u00bb custom_margin_tablet=\u00a0\u00bb||14%||false|false\u00a0\u00bb custom_margin_phone=\u00a0\u00bb||1%||false|false\u00a0\u00bb custom_margin_last_edited=\u00a0\u00bbon|phone\u00a0\u00bb global_colors_info=\u00a0\u00bb{}\u00a0\u00bb][et_pb_column type=\u00a0\u00bb4_4&Prime; _builder_version=\u00a0\u00bb4.16&Prime; custom_padding=\u00a0\u00bb|||\u00a0\u00bb global_colors_info=\u00a0\u00bb{}\u00a0\u00bb custom_padding__hover=\u00a0\u00bb|||\u00a0\u00bb][et_pb_text admin_label=\u00a0\u00bbText\u00a0\u00bb _builder_version=\u00a0\u00bb4.27.4&Prime; header_2_font=\u00a0\u00bbExplora||||||||\u00a0\u00bb header_2_text_align=\u00a0\u00bbcenter\u00a0\u00bb header_2_text_color=\u00a0\u00bb#000000&Prime; header_2_font_size=\u00a0\u00bb60px\u00a0\u00bb header_5_text_align=\u00a0\u00bbcenter\u00a0\u00bb background_size=\u00a0\u00bbinitial\u00a0\u00bb background_position=\u00a0\u00bbtop_left\u00a0\u00bb background_repeat=\u00a0\u00bbrepeat\u00a0\u00bb custom_padding=\u00a0\u00bb5px|||||\u00a0\u00bb custom_padding_tablet=\u00a0\u00bb5px|||||\u00a0\u00bb custom_padding_phone=\u00a0\u00bb0px||0px||true|false\u00a0\u00bb custom_padding_last_edited=\u00a0\u00bbon|phone\u00a0\u00bb header_2_font_size_tablet=\u00a0\u00bb60px\u00a0\u00bb header_2_font_size_phone=\u00a0\u00bb40px\u00a0\u00bb header_2_font_size_last_edited=\u00a0\u00bbon|phone\u00a0\u00bb global_colors_info=\u00a0\u00bb{}\u00a0\u00bb]<h2>Model\u00e8s de Dorure \u00e0 l&rsquo;Or<br \/><\/h2>[\/et_pb_text][et_pb_text admin_label=\u00a0\u00bbText\u00a0\u00bb _builder_version=\u00a0\u00bb4.26.0&Prime; header_5_text_align=\u00a0\u00bbcenter\u00a0\u00bb background_size=\u00a0\u00bbinitial\u00a0\u00bb background_position=\u00a0\u00bbtop_left\u00a0\u00bb background_repeat=\u00a0\u00bbrepeat\u00a0\u00bb global_colors_info=\u00a0\u00bb{}\u00a0\u00bb]<h5>Nous vous proposons un large choix de d\u00e9cor de style et une grande diversit\u00e9 de couleurs de cuirs.<\/h5>[\/et_pb_text][et_pb_code _builder_version=\u00a0\u00bb4.27.4&Prime; _module_preset=\u00a0\u00bbdefault\u00a0\u00bb width=\u00a0\u00bb100%\u00a0\u00bb width_tablet=\u00a0\u00bb100%\u00a0\u00bb width_phone=\u00a0\u00bb100%\u00a0\u00bb width_last_edited=\u00a0\u00bbon|desktop\u00a0\u00bb global_colors_info=\u00a0\u00bb{}\u00a0\u00bb]<!-- Final Tiles Grid Gallery for WordPress v3.6.13 free --><style>#ftg-11 .tile .icon { color:#ffffff; }#ftg-11 .ftg-items .loading-bar i { background:#666; }#ftg-11 .ftg-items .loading-bar { background:#fff; }#ftg-11 .tile .icon { font-size:12px; }#ftg-11 .tile .icon { margin: -6px 0 0 -6px; }#ftg-11 .tile .caption-block .text-wrapper span.text { font-size:12px; }#ftg-11 .tile .caption-outside .text-wrapper span.text { font-size:12px; }#ftg-11 .tile .caption-block .text-wrapper span.title { font-size:14px; }#ftg-11 .tile .caption-outside .text-wrapper span.title { font-size:14px; }#ftg-11 .tile { background-color: transparent; }#ftg-11 .tile .caption-block .text-wrapper span.text { color: #ffffff; }#ftg-11 .tile .caption-block .text-wrapper span.title { color: #ffffff; }#ftg-11 .tile .caption-outside .text-wrapper span.text { color: #ffffff; }#ftg-11 .tile .caption-outside .text-wrapper span.title { color: #ffffff; }#ftg-11 .tile .ftg-social a { color: #ffffff; }#ftg-11 .tile .caption-block { transition-duration:0.25s; }#ftg-11 .tile .tile-inner:before { background-color: #000000; }#ftg-11 .tile .tile-inner:before { background-color: rgba(0, 0, 0, 0.8); }#ftg-11 .tile:hover img {-moz-transform: -moz-rotate(0deg) -moz-scale(0) ;-webkit-transform: -webkit-rotate(0deg) -webkit-scale(0) ;-o-transform: -o-rotate(0deg) -o-scale(0) ;-ms-transform: -ms-rotate(0deg) -ms-scale(0) ;transform: rotate(0deg) scale(0) ;}<\/style><a name=\"1\"><\/a><div class=\"final-tiles-gallery  ftg-hover-enabled caption-inside  caption-none caption-middle caption-center\" id=\"ftg-11\" style=\"width: 100%\"><div class='ftg-items'><div class='loading-bar'><i><\/i><\/div><div  class='tile ftg-preload  '><a title=\"d\u00e9pliant dorure\" data-lightbox='ftg-11' rel='ftg-11'  class=' tile-inner  ftg-lightbox' href='https:\/\/dorure-sur-cuir.com\/wp-content\/uploads\/2025\/10\/roulettes.jpg' ><img alt='d\u00e9pliant dorure' class='item skip-lazy' data-class='item' data-ftg-source='https:\/\/dorure-sur-cuir.com\/wp-content\/uploads\/2025\/10\/roulettes.jpg' src='https:\/\/dorure-sur-cuir.com\/wp-content\/uploads\/2025\/10\/roulettes.jpg' width='1024' height='724' \/><div class='caption-block'><div class='text-wrapper'><span class='title'>d\u00e9pliant dorure<\/span><span class='text'>d\u00e9pliant dorure<\/span><\/div><\/div><\/a><div class='ftg-social'><\/div><\/div><div  class='tile ftg-preload  '><a title=\"d\u00e9pliant dorure\" data-lightbox='ftg-11' rel='ftg-11'  class=' tile-inner  ftg-lightbox' href='https:\/\/dorure-sur-cuir.com\/wp-content\/uploads\/2025\/10\/roulettes-gainerie.jpg' ><img alt='d\u00e9pliant dorure' class='item skip-lazy' data-class='item' data-ftg-source='https:\/\/dorure-sur-cuir.com\/wp-content\/uploads\/2025\/10\/roulettes-gainerie.jpg' src='https:\/\/dorure-sur-cuir.com\/wp-content\/uploads\/2025\/10\/roulettes-gainerie.jpg' width='724' height='1024' \/><div class='caption-block'><div class='text-wrapper'><span class='title'>d\u00e9pliant dorure<\/span><span class='text'>d\u00e9pliant dorure<\/span><\/div><\/div><\/a><div class='ftg-social'><\/div><\/div><div  class='tile ftg-preload  '><a title=\"filets\" data-lightbox='ftg-11' rel='ftg-11'  class=' tile-inner  ftg-lightbox' href='https:\/\/dorure-sur-cuir.com\/wp-content\/uploads\/2025\/10\/filets.jpg' ><img alt='filets' class='item skip-lazy' data-class='item' data-ftg-source='https:\/\/dorure-sur-cuir.com\/wp-content\/uploads\/2025\/10\/filets.jpg' src='https:\/\/dorure-sur-cuir.com\/wp-content\/uploads\/2025\/10\/filets.jpg' width='533' height='1024' \/><div class='caption-block'><div class='text-wrapper'><span class='title'>filets<\/span><\/div><\/div><\/a><div class='ftg-social'><\/div><\/div><div  class='tile ftg-preload  '><a title=\"Fleurons\" data-lightbox='ftg-11' rel='ftg-11'  class=' tile-inner  ftg-lightbox' href='https:\/\/dorure-sur-cuir.com\/wp-content\/uploads\/2025\/10\/Fleurons.jpg' ><img alt='Fleurons' class='item skip-lazy' data-class='item' data-ftg-source='https:\/\/dorure-sur-cuir.com\/wp-content\/uploads\/2025\/10\/Fleurons.jpg' src='https:\/\/dorure-sur-cuir.com\/wp-content\/uploads\/2025\/10\/Fleurons.jpg' width='1024' height='724' \/><div class='caption-block'><div class='text-wrapper'><span class='title'>Fleurons<\/span><\/div><\/div><\/a><div class='ftg-social'><\/div><\/div><div  class='tile ftg-preload  '><a title=\"roulettes-gainerie-d-art\" data-lightbox='ftg-11' rel='ftg-11'  class=' tile-inner  ftg-lightbox' href='https:\/\/dorure-sur-cuir.com\/wp-content\/uploads\/2025\/10\/roulettes-gainerie-d-art.jpg' ><img alt='roulettes-gainerie-d-art' class='item skip-lazy' data-class='item' data-ftg-source='https:\/\/dorure-sur-cuir.com\/wp-content\/uploads\/2025\/10\/roulettes-gainerie-d-art.jpg' src='https:\/\/dorure-sur-cuir.com\/wp-content\/uploads\/2025\/10\/roulettes-gainerie-d-art.jpg' width='729' height='1024' \/><div class='caption-block'><div class='text-wrapper'><span class='title'>roulettes-gainerie-d-art<\/span><\/div><\/div><\/a><div class='ftg-social'><\/div><\/div><\/div><\/div>[\/et_pb_code][\/et_pb_column][\/et_pb_row][\/et_pb_section][et_pb_section fb_built=\u00a0\u00bb1&Prime; _builder_version=\u00a0\u00bb4.26.0&Prime; _module_preset=\u00a0\u00bbdefault\u00a0\u00bb background_color=\u00a0\u00bb#000000&Prime; custom_padding=\u00a0\u00bb7px||5px|||\u00a0\u00bb global_colors_info=\u00a0\u00bb{}\u00a0\u00bb][et_pb_row _builder_version=\u00a0\u00bb4.21.0&Prime; _module_preset=\u00a0\u00bbdefault\u00a0\u00bb global_colors_info=\u00a0\u00bb{}\u00a0\u00bb][et_pb_column type=\u00a0\u00bb4_4&Prime; _builder_version=\u00a0\u00bb4.21.0&Prime; _module_preset=\u00a0\u00bbdefault\u00a0\u00bb global_colors_info=\u00a0\u00bb{}\u00a0\u00bb][et_pb_text _builder_version=\u00a0\u00bb4.27.4&Prime; _module_preset=\u00a0\u00bbdefault\u00a0\u00bb text_font=\u00a0\u00bb|300|||||||\u00a0\u00bb text_text_color=\u00a0\u00bb#FFFFFF\u00a0\u00bb text_font_size=\u00a0\u00bb16px\u00a0\u00bb text_letter_spacing=\u00a0\u00bb1px\u00a0\u00bb global_colors_info=\u00a0\u00bb{}\u00a0\u00bb]<p style=\"text-align: center;\">Vous pouvez nous rencontrer dans nos ateliers ouverts toute la semaine : du lundi au vendredi<\/p>\n<p style=\"text-align: center;\">LA GAINERIE D\u2019ART<br \/>201 La Venue de Mazan<br \/>84570 Mormoiron<br \/>France<\/p>\n<p style=\"text-align: center;\">Port : + 33 (0) 676\u00a0357\u00a0741<br \/>Tel : +33 (0) 490 517 091<\/p>[\/et_pb_text][et_pb_text _builder_version=\u00a0\u00bb4.27.4&Prime; _module_preset=\u00a0\u00bbdefault\u00a0\u00bb text_text_color=\u00a0\u00bb#FFFFFF\u00a0\u00bb text_font_size=\u00a0\u00bb12px\u00a0\u00bb link_option_url=\u00a0\u00bbhttps:\/\/agence-bordeaux-web.fr\/\u00a0\u00bb link_option_url_new_window=\u00a0\u00bbon\u00a0\u00bb global_colors_info=\u00a0\u00bb{}\u00a0\u00bb]<p style=\"text-align: center;\">R\u00e9alisation<br \/><a href=\"https:\/\/agence-bordeaux-web.fr\/\" target=\"_blank\" rel=\"noopener\"><img loading=\"lazy\" decoding=\"async\" src=\"https:\/\/dorure-sur-cuir.com\/wp-content\/uploads\/2025\/10\/logo-abw-lb-abw.png\" alt=\"\" class=\"wp-image-1238 alignnone size-full\" width=\"88\" height=\"21\" \/><\/a><\/p>[\/et_pb_text][\/et_pb_column][\/et_pb_row][\/et_pb_section]","protected":false},"excerpt":{"rendered":"<p>Un Patrimoine Authentique des GainiersModel\u00e8s de Dorure \u00e0 l&rsquo;OrNous vous proposons un large choix de d\u00e9cor de style et une grande diversit\u00e9 de couleurs de cuirs.<!-- Final Tiles Grid Gallery for WordPress v3.6.13 free --><style>#ftg-11 .tile .icon { color:#ffffff; }#ftg-11 .ftg-items .loading-bar i { background:#666; }#ftg-11 .ftg-items .loading-bar { background:#fff; }#ftg-11 .tile .icon { font-size:12px; }#ftg-11 .tile .icon { margin: -6px 0 0 -6px; }#ftg-11 .tile .caption-block .text-wrapper span.text { font-size:12px; }#ftg-11 .tile .caption-outside .text-wrapper span.text { font-size:12px; }#ftg-11 .tile .caption-block .text-wrapper span.title { font-size:14px; }#ftg-11 .tile .caption-outside .text-wrapper span.title { font-size:14px; }#ftg-11 .tile { background-color: transparent; }#ftg-11 .tile .caption-block .text-wrapper span.text { color: #ffffff; }#ftg-11 .tile .caption-block .text-wrapper span.title { color: #ffffff; }#ftg-11 .tile .caption-outside .text-wrapper span.text { color: #ffffff; }#ftg-11 .tile .caption-outside .text-wrapper span.title { color: #ffffff; }#ftg-11 .tile .ftg-social a { color: #ffffff; }#ftg-11 .tile .caption-block { transition-duration:0.25s; }#ftg-11 .tile .tile-inner:before { background-color: #000000; }#ftg-11 .tile .tile-inner:before { background-color: rgba(0, 0, 0, 0.8); }#ftg-11 .tile:hover img {-moz-transform: -moz-rotate(0deg) -moz-scale(0) ;-webkit-transform: -webkit-rotate(0deg) -webkit-scale(0) ;-o-transform: -o-rotate(0deg) -o-scale(0) ;-ms-transform: -ms-rotate(0deg) -ms-scale(0) ;transform: rotate(0deg) scale(0) ;}<\/style><a name=\"1\"><\/a><div class=\"final-tiles-gallery  ftg-hover-enabled caption-inside  caption-none caption-middle caption-center\" id=\"ftg-11\" style=\"width: 100%\"><div class='ftg-items'><div class='loading-bar'><i><\/i><\/div><div  class='tile ftg-preload  '><a title=\"d\u00e9pliant dorure\" data-lightbox='ftg-11' rel='ftg-11'  class=' tile-inner  ftg-lightbox' href='https:\/\/dorure-sur-cuir.com\/wp-content\/uploads\/2025\/10\/roulettes.jpg' ><img alt='d\u00e9pliant dorure' class='item skip-lazy' data-class='item' data-ftg-source='https:\/\/dorure-sur-cuir.com\/wp-content\/uploads\/2025\/10\/roulettes.jpg' src='https:\/\/dorure-sur-cuir.com\/wp-content\/uploads\/2025\/10\/roulettes.jpg' width='1024' height='724' \/><div class='caption-block'><div class='text-wrapper'><span class='title'>d\u00e9pliant dorure<\/span><span class='text'>d\u00e9pliant dorure<\/span><\/div><\/div><\/a><div class='ftg-social'><\/div><\/div><div  class='tile ftg-preload  '><a title=\"d\u00e9pliant dorure\" data-lightbox='ftg-11' rel='ftg-11'  class=' tile-inner  ftg-lightbox' href='https:\/\/dorure-sur-cuir.com\/wp-content\/uploads\/2025\/10\/roulettes-gainerie.jpg' ><img alt='d\u00e9pliant dorure' class='item skip-lazy' data-class='item' data-ftg-source='https:\/\/dorure-sur-cuir.com\/wp-content\/uploads\/2025\/10\/roulettes-gainerie.jpg' src='https:\/\/dorure-sur-cuir.com\/wp-content\/uploads\/2025\/10\/roulettes-gainerie.jpg' width='724' height='1024' \/><div class='caption-block'><div class='text-wrapper'><span class='title'>d\u00e9pliant dorure<\/span><span class='text'>d\u00e9pliant dorure<\/span><\/div><\/div><\/a><div class='ftg-social'><\/div><\/div><div  class='tile ftg-preload  '><a title=\"filets\" data-lightbox='ftg-11' rel='ftg-11'  class=' tile-inner  ftg-lightbox' href='https:\/\/dorure-sur-cuir.com\/wp-content\/uploads\/2025\/10\/filets.jpg' ><img alt='filets' class='item skip-lazy' data-class='item' data-ftg-source='https:\/\/dorure-sur-cuir.com\/wp-content\/uploads\/2025\/10\/filets.jpg' src='https:\/\/dorure-sur-cuir.com\/wp-content\/uploads\/2025\/10\/filets.jpg' width='533' height='1024' \/><div class='caption-block'><div class='text-wrapper'><span class='title'>filets<\/span><\/div><\/div><\/a><div class='ftg-social'><\/div><\/div><div  class='tile ftg-preload  '><a title=\"Fleurons\" data-lightbox='ftg-11' rel='ftg-11'  class=' tile-inner  ftg-lightbox' href='https:\/\/dorure-sur-cuir.com\/wp-content\/uploads\/2025\/10\/Fleurons.jpg' ><img alt='Fleurons' class='item skip-lazy' data-class='item' data-ftg-source='https:\/\/dorure-sur-cuir.com\/wp-content\/uploads\/2025\/10\/Fleurons.jpg' src='https:\/\/dorure-sur-cuir.com\/wp-content\/uploads\/2025\/10\/Fleurons.jpg' width='1024' height='724' \/><div class='caption-block'><div class='text-wrapper'><span class='title'>Fleurons<\/span><\/div><\/div><\/a><div class='ftg-social'><\/div><\/div><div  class='tile ftg-preload  '><a title=\"roulettes-gainerie-d-art\" data-lightbox='ftg-11' rel='ftg-11'  class=' tile-inner  ftg-lightbox' href='https:\/\/dorure-sur-cuir.com\/wp-content\/uploads\/2025\/10\/roulettes-gainerie-d-art.jpg' ><img alt='roulettes-gainerie-d-art' class='item skip-lazy' data-class='item' data-ftg-source='https:\/\/dorure-sur-cuir.com\/wp-content\/uploads\/2025\/10\/roulettes-gainerie-d-art.jpg' src='https:\/\/dorure-sur-cuir.com\/wp-content\/uploads\/2025\/10\/roulettes-gainerie-d-art.jpg' width='729' height='1024' \/><div class='caption-block'><div class='text-wrapper'><span class='title'>roulettes-gainerie-d-art<\/span><\/div><\/div><\/a><div class='ftg-social'><\/div><\/div><\/div><\/div>Vous pouvez nous rencontrer dans nos ateliers ouverts toute la semaine : du lundi au vendredi LA GAINERIE D\u2019ART201 La Venue de Mazan84570 MormoironFrance Port : + 33 (0) [&hellip;]<\/p>\n","protected":false},"author":1,"featured_media":0,"parent":0,"menu_order":0,"comment_status":"closed","ping_status":"closed","template":"","meta":{"_et_pb_use_builder":"on","_et_pb_old_content":"","_et_gb_content_width":"","footnotes":""},"class_list":["post-11","page","type-page","status-publish","hentry"],"_links":{"self":[{"href":"https:\/\/dorure-sur-cuir.com\/index.php\/wp-json\/wp\/v2\/pages\/11","targetHints":{"allow":["GET"]}}],"collection":[{"href":"https:\/\/dorure-sur-cuir.com\/index.php\/wp-json\/wp\/v2\/pages"}],"about":[{"href":"https:\/\/dorure-sur-cuir.com\/index.php\/wp-json\/wp\/v2\/types\/page"}],"author":[{"embeddable":true,"href":"https:\/\/dorure-sur-cuir.com\/index.php\/wp-json\/wp\/v2\/users\/1"}],"replies":[{"embeddable":true,"href":"https:\/\/dorure-sur-cuir.com\/index.php\/wp-json\/wp\/v2\/comments?post=11"}],"version-history":[{"count":14,"href":"https:\/\/dorure-sur-cuir.com\/index.php\/wp-json\/wp\/v2\/pages\/11\/revisions"}],"predecessor-version":[{"id":73,"href":"https:\/\/dorure-sur-cuir.com\/index.php\/wp-json\/wp\/v2\/pages\/11\/revisions\/73"}],"wp:attachment":[{"href":"https:\/\/dorure-sur-cuir.com\/index.php\/wp-json\/wp\/v2\/media?parent=11"}],"curies":[{"name":"wp","href":"https:\/\/api.w.org\/{rel}","templated":true}]}}